{"id":3319,"date":"2025-11-11T17:13:31","date_gmt":"2025-11-12T01:13:31","guid":{"rendered":"https:\/\/wrasafeme.org\/capacitacion-gratis-en-linea-sobre-seguridad-en-el-lugar-de-trabajo\/"},"modified":"2025-11-12T15:04:59","modified_gmt":"2025-11-12T23:04:59","slug":"capacitacion-gratis-en-linea-sobre-seguridad-en-el-lugar-de-trabajo","status":"publish","type":"page","link":"https:\/\/wrasafeme.org\/es\/","title":{"rendered":"Capacitaci\u00f3n Gratis en Linea Sobre Seguridad en el Lugar de Trabajo"},"content":{"rendered":"\n<p><\/p>\n\n\n\n<h1 class=\"wp-block-heading has-text-align-center\">Capacitaci\u00f3n Gratis en Linea Sobre Seguridad en el Lugar de Trabajo<\/h1>\n\n\n\n<h2 class=\"wp-block-heading has-text-align-center\">Obt\u00e9n tu certificado. Desarrolla tus habilidades. Mantente seguro.<\/h2>\n\n\n\n<h3 class=\"wp-block-heading has-text-align-center\">Con <mark style=\"background-color:rgba(0, 0, 0, 0);color:#ec0a28\" class=\"has-inline-color\">SAFEME<\/mark> puedes:<\/h3>\n\n\n\n<p class=\"has-text-align-center\">\u2014<strong>Obtener un certificado reconocido en seguridad laboral<\/strong><br>\u2014<strong>Desarrollar habilidades pr\u00e1cticas que puedes usar en cualquier trabajo<\/strong><br>\u2014<strong>Mantenerte seguro t\u00fa y quienes te rodean en el lugar de trabajo<\/strong><\/p>\n\n\n\n<div class=\"wp-block-buttons is-content-justification-center is-layout-flex wp-container-core-buttons-is-layout-16018d1d wp-block-buttons-is-layout-flex\">\n<div class=\"wp-block-button is-style-fill\"><a class=\"wp-block-button__link has-text-align-center wp-element-button\" href=\"https:\/\/wrasafeme.org\/es\/inscribase\/\">Empezar<\/a><\/div>\n<\/div>\n\n\n\n<p class=\"has-text-align-center\"><\/p>\n\n\n<div class=\"wp-block-image\">\n<figure class=\"aligncenter size-large\"><img loading=\"lazy\" decoding=\"async\" width=\"1024\" height=\"381\" src=\"https:\/\/wrasafeme.org\/wp-content\/uploads\/2025\/11\/safeme-girl-hard-hat1920x714-1024x381.jpg\" alt=\"\" class=\"wp-image-3291\" srcset=\"https:\/\/wrasafeme.org\/wp-content\/uploads\/2025\/11\/safeme-girl-hard-hat1920x714-1024x381.jpg 1024w, https:\/\/wrasafeme.org\/wp-content\/uploads\/2025\/11\/safeme-girl-hard-hat1920x714-300x112.jpg 300w, https:\/\/wrasafeme.org\/wp-content\/uploads\/2025\/11\/safeme-girl-hard-hat1920x714-768x286.jpg 768w, https:\/\/wrasafeme.org\/wp-content\/uploads\/2025\/11\/safeme-girl-hard-hat1920x714-100x37.jpg 100w, https:\/\/wrasafeme.org\/wp-content\/uploads\/2025\/11\/safeme-girl-hard-hat1920x714-1536x571.jpg 1536w, https:\/\/wrasafeme.org\/wp-content\/uploads\/2025\/11\/safeme-girl-hard-hat1920x714-600x223.jpg 600w, https:\/\/wrasafeme.org\/wp-content\/uploads\/2025\/11\/safeme-girl-hard-hat1920x714-400x149.jpg 400w, https:\/\/wrasafeme.org\/wp-content\/uploads\/2025\/11\/safeme-girl-hard-hat1920x714-800x298.jpg 800w, https:\/\/wrasafeme.org\/wp-content\/uploads\/2025\/11\/safeme-girl-hard-hat1920x714.jpg 1920w\" sizes=\"auto, (max-width: 1024px) 100vw, 1024px\" \/><\/figure>\n<\/div>\n\n\n<p><\/p>\n\n\n\n<div style=\"margin: 0 5% 0 5%; text-align:center;\"><p class=\"has-text-align-center\"><mark style=\"background-color:rgba(0, 0, 0, 0);font-size:28px;font-weight:700;color:#eb0029\" class=\"has-inline-color\">170,000<\/mark> <mark style=\"background-color:rgba(0, 0, 0, 0);font-size:24px;font-weight:700\" class=\"has-inline-color has-black-color\">trabajadores j\u00f3venes lesionados<\/mark><br\/><em>**en todo el pa\u00eds en 2015<\/em><br\/><br\/><mark style=\"background-color:rgba(0, 0, 0, 0);font-size:24px;font-weight:700\" class=\"has-inline-color has-black-color\">Los trabajadores j\u00f3venes (16-24) tienen<\/mark> <mark style=\"background-color:rgba(0, 0, 0, 0);font-size:28px;font-weight:700;color:#eb0029\" class=\"has-inline-color\">m\u00e1s del doble la\nprobabilidad<\/mark> <mark style=\"background-color:rgba(0, 0, 0, 0);font-size:24px;font-weight:700\" class=\"has-inline-color has-black-color\">de lesionarse en el trabajo que sus compa\u00f1eros de\ntrabajo mayores<\/mark><br\/><em>Informe del Consejo Nacional de Seguridad 2011-22<\/em><\/p><\/div>\n\n\n<div class=\"wp-block-image\">\n<figure class=\"aligncenter size-large\"><img loading=\"lazy\" decoding=\"async\" width=\"1024\" height=\"419\" src=\"https:\/\/wrasafeme.org\/wp-content\/uploads\/2025\/11\/safeme-statistic-es1920-1024x419.jpg\" alt=\"\" class=\"wp-image-3324\" srcset=\"https:\/\/wrasafeme.org\/wp-content\/uploads\/2025\/11\/safeme-statistic-es1920-1024x419.jpg 1024w, https:\/\/wrasafeme.org\/wp-content\/uploads\/2025\/11\/safeme-statistic-es1920-300x123.jpg 300w, https:\/\/wrasafeme.org\/wp-content\/uploads\/2025\/11\/safeme-statistic-es1920-768x314.jpg 768w, https:\/\/wrasafeme.org\/wp-content\/uploads\/2025\/11\/safeme-statistic-es1920-100x41.jpg 100w, https:\/\/wrasafeme.org\/wp-content\/uploads\/2025\/11\/safeme-statistic-es1920-1536x629.jpg 1536w, https:\/\/wrasafeme.org\/wp-content\/uploads\/2025\/11\/safeme-statistic-es1920-600x246.jpg 600w, https:\/\/wrasafeme.org\/wp-content\/uploads\/2025\/11\/safeme-statistic-es1920-400x164.jpg 400w, https:\/\/wrasafeme.org\/wp-content\/uploads\/2025\/11\/safeme-statistic-es1920-800x328.jpg 800w, https:\/\/wrasafeme.org\/wp-content\/uploads\/2025\/11\/safeme-statistic-es1920.jpg 1920w\" sizes=\"auto, (max-width: 1024px) 100vw, 1024px\" \/><\/figure>\n<\/div>\n\n\n<p><\/p>\n\n\n\n<p class=\"has-text-align-center\">Haz clic en uno de los logotipos a continuaci\u00f3n para obtener m\u00e1s informaci\u00f3n o <a href=\"https:\/\/wrasafeme.org\/es\/inscribase\/\">inscribase<\/a> y comienza a aprender.<\/p>\n\n\n\n<p><\/p>\n\n\n\n<div class=\"wp-block-columns is-layout-flex wp-container-core-columns-is-layout-9d6595d7 wp-block-columns-is-layout-flex\">\n<div class=\"wp-block-column is-layout-flow wp-block-column-is-layout-flow\"><div class=\"wp-block-image\">\n<figure class=\"aligncenter size-full is-resized\"><a href=\"https:\/\/wrasafeme.org\/es\/course\/seguro-de-mi-aspectos-esenciales\/\"><img loading=\"lazy\" decoding=\"async\" width=\"389\" height=\"121\" src=\"https:\/\/wrasafeme.org\/wp-content\/uploads\/2025\/07\/safeme-essentials-es389.png\" alt=\"Seguro de Mi Esencial Spanish logo.\" class=\"wp-image-1993\" style=\"width:261px;height:auto\" srcset=\"https:\/\/wrasafeme.org\/wp-content\/uploads\/2025\/07\/safeme-essentials-es389.png 389w, https:\/\/wrasafeme.org\/wp-content\/uploads\/2025\/07\/safeme-essentials-es389-300x93.png 300w, https:\/\/wrasafeme.org\/wp-content\/uploads\/2025\/07\/safeme-essentials-es389-100x31.png 100w\" sizes=\"auto, (max-width: 389px) 100vw, 389px\" \/><\/a><\/figure>\n<\/div>\n\n\n<p><\/p>\n\n\n\n<p class=\"has-text-align-center\">Qu\u00e9 provoca accidentes<br>Equipo de protecci\u00f3n personal<br>Resbalones, tropiezos y ca\u00eddas<br>Levantamiento apropiado<br>Precauciones al usar escaleras<br>Uso de cuchillas<br>Medidas de precauci\u00f3n con fijadores de etiquetas<br>Manipulaci\u00f3n de materiales<br>Protecci\u00f3n contra incendios<br>Distracciones al conducir<br>Seguridad al trabajar con montacargas<br>Violencia en el lugar de trabajo<\/p>\n<\/div>\n\n\n\n<div class=\"wp-block-column is-layout-flow wp-block-column-is-layout-flow\"><div class=\"wp-block-image\">\n<figure class=\"aligncenter size-full is-resized\"><a href=\"https:\/\/wrasafeme.org\/es\/course\/seguro-de-mi-automoviles\/\"><img loading=\"lazy\" decoding=\"async\" width=\"389\" height=\"121\" src=\"https:\/\/wrasafeme.org\/wp-content\/uploads\/2025\/07\/seguro-de-mi-automoviles-white389.png\" alt=\"Seguro de Mi Automobiles Spanish logo.\" class=\"wp-image-1996\" style=\"width:261px;height:auto\" srcset=\"https:\/\/wrasafeme.org\/wp-content\/uploads\/2025\/07\/seguro-de-mi-automoviles-white389.png 389w, https:\/\/wrasafeme.org\/wp-content\/uploads\/2025\/07\/seguro-de-mi-automoviles-white389-300x93.png 300w, https:\/\/wrasafeme.org\/wp-content\/uploads\/2025\/07\/seguro-de-mi-automoviles-white389-100x31.png 100w\" sizes=\"auto, (max-width: 389px) 100vw, 389px\" \/><\/a><\/figure>\n<\/div>\n\n\n<p><\/p>\n\n\n\n<p class=\"has-text-align-center\">Golpes<br>Seguridad al trabajar con productos qu\u00edmicos<br>Estaci\u00f3n de lavado de ojos<br>Medidas de seguridad en lavaderos de veh\u00edculos<br>Aspectos b\u00e1sicos al trabajar con electricidad<br>Herramientas de motor: el\u00e9ctrico<br>Herramientas neum\u00e1ticas<br>Manipulaci\u00f3n de neum\u00e1ticos<br>Soplete de corte\/soldadura<br>Bloqueo y Etiquetado<br>Elevadores de autom\u00f3viles<br>Peligros en el estacionamiento<\/p>\n<\/div>\n<\/div>\n\n\n\n<p class=\"has-text-align-center\"><em>Los m\u00f3dulos de capacitaci\u00f3n de SAFEME est\u00e1n dise\u00f1ados para complementar, no para reemplazar, la responsabilidad del empleador de proporcionar capacitaci\u00f3n espec\u00edfica sobre el equipo y las tareas que realizar\u00e1n los trabajadores. SAFEME proporciona a los trabajadores j\u00f3venes conocimientos b\u00e1sicos sobre seguridad, ayud\u00e1ndoles a reconocer los peligros comunes y a desarrollar h\u00e1bitos de trabajo m\u00e1s seguros, reduciendo as\u00ed el riesgo de sufrir un accidente laboral.<\/em><\/p>\n\n\n\n<p><\/p>\n","protected":false},"excerpt":{"rendered":"<p>Capacitaci\u00f3n Gratis en Linea Sobre Seguridad en el Lugar de Trabajo Obt\u00e9n tu certificado. Desarrolla tus habilidades. Mantente seguro. Con SAFEME puedes: \u2014Obtener un certificado reconocido en seguridad laboral\u2014Desarrollar habilidades pr\u00e1cticas que puedes usar en cualquier trabajo\u2014Mantenerte seguro t\u00fa y quienes te rodean en el lugar de trabajo 170,000 trabajadores j\u00f3venes lesionados**en todo el pa\u00eds [&hellip;]<\/p>\n","protected":false},"author":1,"featured_media":0,"parent":0,"menu_order":0,"comment_status":"closed","ping_status":"closed","template":"","meta":{"_acf_changed":false,"footnotes":""},"class_list":["post-3319","page","type-page","status-publish","hentry"],"acf":[],"_links":{"self":[{"href":"https:\/\/wrasafeme.org\/es\/wp-json\/wp\/v2\/pages\/3319","targetHints":{"allow":["GET"]}}],"collection":[{"href":"https:\/\/wrasafeme.org\/es\/wp-json\/wp\/v2\/pages"}],"about":[{"href":"https:\/\/wrasafeme.org\/es\/wp-json\/wp\/v2\/types\/page"}],"author":[{"embeddable":true,"href":"https:\/\/wrasafeme.org\/es\/wp-json\/wp\/v2\/users\/1"}],"replies":[{"embeddable":true,"href":"https:\/\/wrasafeme.org\/es\/wp-json\/wp\/v2\/comments?post=3319"}],"version-history":[{"count":0,"href":"https:\/\/wrasafeme.org\/es\/wp-json\/wp\/v2\/pages\/3319\/revisions"}],"wp:attachment":[{"href":"https:\/\/wrasafeme.org\/es\/wp-json\/wp\/v2\/media?parent=3319"}],"curies":[{"name":"wp","href":"https:\/\/api.w.org\/{rel}","templated":true}]}}