{"id":832,"date":"2025-04-04T16:12:25","date_gmt":"2025-04-04T23:12:25","guid":{"rendered":"https:\/\/wrasafeme.org\/mis-cursos\/"},"modified":"2025-09-12T02:20:50","modified_gmt":"2025-09-12T09:20:50","slug":"mis-cursos","status":"publish","type":"page","link":"https:\/\/wrasafeme.org\/es\/mis-cursos\/","title":{"rendered":"Mis cursos"},"content":{"rendered":"\n<p>Despu\u00e9s de completar las doce lecciones de un curso, recibir\u00e1 su certificado del curso. Los certificados se encuentran dentro del curso, y para acceder a ellos debe hacer clic en el t\u00edtulo correspondiente.<\/p>\n\n\n\n<p>Por \u00faltimo, cuando complete doce lecciones cualesquiera de cualquier curso, aparecer\u00e1 una vez m\u00e1s el enlace del certificado SAFEME 12 que le permitir\u00e1 descargar el certificado o enviarlo por correo electr\u00f3nico.<\/p>\n\n\n\n<div class=\"wp-block-query wp-block-sensei-lms-course-list wp-block-sensei-lms-course-list--is-list-view is-layout-flow wp-block-query-is-layout-flow\"><ul class=\"aligncenter wp-block-post-template is-layout-flow wp-block-post-template-is-layout-flow\"><li class=\"wp-block-post post-986 course type-course status-publish has-post-thumbnail hentry post\">\n\n<div class=\"wp-block-group aligncenter has-border-color\" style=\"border-color:#c7c3c34f;border-width:1px;padding-top:10px;padding-right:10px;padding-bottom:10px;padding-left:10px\"><div class=\"wp-block-group__inner-container is-layout-flow wp-block-group-is-layout-flow\"><figure style=\"height:324px;\" class=\"aligncenter wp-block-post-featured-image wp-duotone-unset-1\"><a href=\"https:\/\/wrasafeme.org\/es\/course\/seguro-de-mi-automoviles\/\" target=\"_self\"  style=\"height:324px\"><img loading=\"lazy\" decoding=\"async\" width=\"1120\" height=\"303\" src=\"https:\/\/wrasafeme.org\/wp-content\/uploads\/2025\/05\/keys-and-wrenches.jpg\" class=\"attachment-post-thumbnail size-post-thumbnail wp-post-image\" alt=\"Seguro de M\u00ed AUTOM\u00d3VILES\" style=\"height:324px;object-fit:cover;\" srcset=\"https:\/\/wrasafeme.org\/wp-content\/uploads\/2025\/05\/keys-and-wrenches.jpg 1120w, https:\/\/wrasafeme.org\/wp-content\/uploads\/2025\/05\/keys-and-wrenches-300x81.jpg 300w, https:\/\/wrasafeme.org\/wp-content\/uploads\/2025\/05\/keys-and-wrenches-1024x277.jpg 1024w, https:\/\/wrasafeme.org\/wp-content\/uploads\/2025\/05\/keys-and-wrenches-768x208.jpg 768w, https:\/\/wrasafeme.org\/wp-content\/uploads\/2025\/05\/keys-and-wrenches-100x27.jpg 100w, https:\/\/wrasafeme.org\/wp-content\/uploads\/2025\/05\/keys-and-wrenches-600x162.jpg 600w, https:\/\/wrasafeme.org\/wp-content\/uploads\/2025\/05\/keys-and-wrenches-400x108.jpg 400w, https:\/\/wrasafeme.org\/wp-content\/uploads\/2025\/05\/keys-and-wrenches-800x216.jpg 800w\" sizes=\"auto, (max-width: 1120px) 100vw, 1120px\" \/><\/a><\/figure>\n\n\n<div class=\"wp-block-columns is-layout-flex wp-container-core-columns-is-layout-9d6595d7 wp-block-columns-is-layout-flex\">\n<div class=\"wp-block-column is-layout-flow wp-block-column-is-layout-flow\" style=\"flex-basis:66.66%\">\n\n<h2 style=\"padding-top:0;padding-right:0;padding-bottom:0;padding-left:0;margin-top:0;margin-right:0;margin-bottom:0;margin-left:0;\" class=\"has-text-align-left wp-block-post-title\"><a href=\"https:\/\/wrasafeme.org\/es\/course\/seguro-de-mi-automoviles\/\" target=\"_self\" >Seguro de M\u00ed AUTOM\u00d3VILES<\/a><\/h2>\n\n<div class=\"has-text-align-left wp-block-post-excerpt\"><p class=\"wp-block-post-excerpt__excerpt\">Esta versi\u00f3n est\u00e1 dirigida a vendedores minoristas de autom\u00f3viles. <\/p><\/div>\n\n<div class=\"wp-block-sensei-lms-course-overview\"><a href=\"https:\/\/wrasafeme.org\/es\/course\/seguro-de-mi-automoviles\/\">Visi\u00f3n general del curso<\/a><\/div>\n\n<\/div>\n\n\n\n<div class=\"wp-block-column is-layout-flow wp-block-column-is-layout-flow\" style=\"padding-top:0;flex-basis:33.33%\">\n<div class=\"sensei-block-wrapper sensei-cta wp-elements-8273097c6c9a5b8ee9e44d212405c64d wp-block-sensei-lms-button-take-course\">\n\t\t\t<form method=\"GET\" action=\"https:\/\/wrasafeme.org\/wp-login.php?action=register\">\n\t\t\t<input type=\"hidden\" name=\"redirect_to\" value=\"https:\/\/wrasafeme.org\/es\/course\/seguro-de-mi-automoviles\/?take_course_sign_in=1\" \/>\n\t\t\t\n<div class=\"wp-block-sensei-lms-button-take-course is-style-default wp-block-sensei-button wp-block-button has-text-align-right\"><button class=\"wp-block-button__link has-white-color has-vivid-red-background-color has-text-color has-background\">Start Course<\/button><\/div>\n\n\t\t\t<\/form>\n\t\t\t<\/div>\n\n\n\n\n<\/div>\n<\/div>\n<\/div><\/div>\n\n<\/li><li class=\"wp-block-post post-765 course type-course status-publish has-post-thumbnail hentry post\">\n\n<div class=\"wp-block-group aligncenter has-border-color\" style=\"border-color:#c7c3c34f;border-width:1px;padding-top:10px;padding-right:10px;padding-bottom:10px;padding-left:10px\"><div class=\"wp-block-group__inner-container is-layout-flow wp-block-group-is-layout-flow\"><div class=\"sensei-lms-course-list-featured-label__image-wrapper\"><span class=\"sensei-lms-course-list-featured-label__text\">Destacados<\/span><figure style=\"height:324px;\" class=\"aligncenter wp-block-post-featured-image wp-duotone-unset-2\"><a href=\"https:\/\/wrasafeme.org\/es\/course\/seguro-de-mi-aspectos-esenciales\/\" target=\"_self\"  style=\"height:324px\"><img loading=\"lazy\" decoding=\"async\" width=\"400\" height=\"194\" src=\"https:\/\/wrasafeme.org\/wp-content\/uploads\/2025\/04\/Girl-guy-at-checkout-1.png\" class=\"attachment-post-thumbnail size-post-thumbnail wp-post-image\" alt=\"Seguro de M\u00ed ASPECTOS ESENCIALES\" style=\"height:324px;object-fit:cover;\" srcset=\"https:\/\/wrasafeme.org\/wp-content\/uploads\/2025\/04\/Girl-guy-at-checkout-1.png 400w, https:\/\/wrasafeme.org\/wp-content\/uploads\/2025\/04\/Girl-guy-at-checkout-1-300x146.png 300w, https:\/\/wrasafeme.org\/wp-content\/uploads\/2025\/04\/Girl-guy-at-checkout-1-100x49.png 100w\" sizes=\"auto, (max-width: 400px) 100vw, 400px\" \/><\/a><\/figure><\/div>\n\n\n<div class=\"wp-block-columns is-layout-flex wp-container-core-columns-is-layout-9d6595d7 wp-block-columns-is-layout-flex\">\n<div class=\"wp-block-column is-layout-flow wp-block-column-is-layout-flow\" style=\"flex-basis:66.66%\">\n\n<h2 style=\"padding-top:0;padding-right:0;padding-bottom:0;padding-left:0;margin-top:0;margin-right:0;margin-bottom:0;margin-left:0;\" class=\"has-text-align-left wp-block-post-title\"><a href=\"https:\/\/wrasafeme.org\/es\/course\/seguro-de-mi-aspectos-esenciales\/\" target=\"_self\" >Seguro de M\u00ed ASPECTOS ESENCIALES<\/a><\/h2>\n\n<div class=\"has-text-align-left wp-block-post-excerpt\"><p class=\"wp-block-post-excerpt__excerpt\">SAFEME Esencial, se centra en la seguridad laboral. <\/p><\/div>\n\n<div class=\"wp-block-sensei-lms-course-overview\"><a href=\"https:\/\/wrasafeme.org\/es\/course\/seguro-de-mi-aspectos-esenciales\/\">Visi\u00f3n general del curso<\/a><\/div>\n\n<\/div>\n\n\n\n<div class=\"wp-block-column is-layout-flow wp-block-column-is-layout-flow\" style=\"padding-top:0;flex-basis:33.33%\">\n<div class=\"sensei-block-wrapper sensei-cta wp-elements-8273097c6c9a5b8ee9e44d212405c64d wp-block-sensei-lms-button-take-course\">\n\t\t\t<form method=\"GET\" action=\"https:\/\/wrasafeme.org\/wp-login.php?action=register\">\n\t\t\t<input type=\"hidden\" name=\"redirect_to\" value=\"https:\/\/wrasafeme.org\/es\/course\/seguro-de-mi-aspectos-esenciales\/?take_course_sign_in=1\" \/>\n\t\t\t\n<div class=\"wp-block-sensei-lms-button-take-course is-style-default wp-block-sensei-button wp-block-button has-text-align-right\"><button class=\"wp-block-button__link has-white-color has-vivid-red-background-color has-text-color has-background\">Start Course<\/button><\/div>\n\n\t\t\t<\/form>\n\t\t\t<\/div>\n\n\n\n\n<\/div>\n<\/div>\n<\/div><\/div>\n\n<\/li><\/ul>\n\n<p><\/p>\n\n\n<\/div>\n","protected":false},"excerpt":{"rendered":"<p>Despu\u00e9s de completar las doce lecciones de un curso, recibir\u00e1 su certificado del curso. Los certificados se encuentran dentro del curso, y para acceder a ellos debe hacer clic en el t\u00edtulo correspondiente. Por \u00faltimo, cuando complete doce lecciones cualesquiera de cualquier curso, aparecer\u00e1 una vez m\u00e1s el enlace del certificado SAFEME 12 que le [&hellip;]<\/p>\n","protected":false},"author":1,"featured_media":0,"parent":0,"menu_order":0,"comment_status":"closed","ping_status":"closed","template":"","meta":{"_acf_changed":false,"footnotes":""},"class_list":["post-832","page","type-page","status-publish","hentry"],"acf":[],"_links":{"self":[{"href":"https:\/\/wrasafeme.org\/es\/wp-json\/wp\/v2\/pages\/832","targetHints":{"allow":["GET"]}}],"collection":[{"href":"https:\/\/wrasafeme.org\/es\/wp-json\/wp\/v2\/pages"}],"about":[{"href":"https:\/\/wrasafeme.org\/es\/wp-json\/wp\/v2\/types\/page"}],"author":[{"embeddable":true,"href":"https:\/\/wrasafeme.org\/es\/wp-json\/wp\/v2\/users\/1"}],"replies":[{"embeddable":true,"href":"https:\/\/wrasafeme.org\/es\/wp-json\/wp\/v2\/comments?post=832"}],"version-history":[{"count":0,"href":"https:\/\/wrasafeme.org\/es\/wp-json\/wp\/v2\/pages\/832\/revisions"}],"wp:attachment":[{"href":"https:\/\/wrasafeme.org\/es\/wp-json\/wp\/v2\/media?parent=832"}],"curies":[{"name":"wp","href":"https:\/\/api.w.org\/{rel}","templated":true}]}}